{"id":2,"date":"2017-03-16T15:08:25","date_gmt":"2017-03-16T18:08:25","guid":{"rendered":"http:\/\/inewam.org\/ead\/?page_id=2"},"modified":"2017-03-31T18:43:41","modified_gmt":"2017-03-31T21:43:41","slug":"pagina-exemplo","status":"publish","type":"page","link":"https:\/\/inewam.org\/ead\/pagina-exemplo\/","title":{"rendered":"Institucional"},"content":{"rendered":"<p><strong>Instituto Educacional Wilmar de Ara\u00fajo Mendes \u2013 INEWAM<\/strong><\/p>\n<p><strong>Secretaria de Forma\u00e7\u00e3o Profissional e Sindical \u2013 SEFORPS<\/strong><\/p>\n<p><strong><span id=\"cloak628dc2e1c5380c740a5f7952649b9daf\"><a href=\"mailto:inewam@gmail.com\">inewam@gmail.com<\/a><\/span><\/strong><\/p>\n<p><strong>MISS\u00c3O<\/strong><\/p>\n<p>Proporcionar o desenvolvimento harmonioso dos aspectos f\u00edsico, afetivo e cognitivo do aluno e respeitando seu tempo e suas possibilidades de construir conhecimento, em um ambiente acolhedor, l\u00fadico e prazeroso.<\/p>\n<p><strong>VIS\u00c3O<\/strong><\/p>\n<p>Capacitar \/ qualificar indiv\u00edduos com maturidade impression\u00e1veis, construtores de Hist\u00f3ria, por meio de um aprendizado constante e de qualidade.<\/p>\n<p><strong>VALORES<\/strong><\/p>\n<p>O INSTITUTO EDUCACIONAL WILMAR DE ARA\u00daJO MENDES, estar inserido nos processos de crescimento cont\u00ednuo com autonomia, criticidade, criatividade, valores humanos, \u00e9tica crist\u00e3, educacional e profissional.<\/p>\n<p><strong>DEVERES<\/strong><\/p>\n<p>Oferecer cursos de capacita\u00e7\u00e3o \/ qualifica\u00e7\u00e3o profissional de qualidade aos servidores p\u00fablicos Municipal, Estadual bem como os colaboradores iniciativa privada.<\/p>\n<p><strong>PRINC\u00cdPIOS<\/strong><\/p>\n<p>Compromisso com cursista no desempenho de suas atividades educacionais, respeitando as individualidades e a sociedade no \u00e2mbito profissional social responsabilizando frente ao desenvolvimento socioambiental e educacional. Nossos princ\u00edpios est\u00e3o ali cessados \u00a0nos seguintes pilares:<\/p>\n<p><strong>Cremos que \u00e9 preciso inovar para sermos percebidos como inovadores.<\/strong><\/p>\n<p><strong>Cremos que nosso dever \u00e9 ter uma vis\u00e3o cr\u00edtica a atualizada da realidade de quem se prop\u00f5e a estudar.<\/strong><\/p>\n<p><strong>Cremos na transpar\u00eancia e na \u00e9tica como principais valores que devem reger as rela\u00e7\u00f5es entre alunos e tutores. \u00a0 \u00a0<\/strong><\/p>\n<p><strong>Cremos nas pessoas que promovem o bem, a responsabilidade e a justi\u00e7a.<\/strong><\/p>\n<p><strong>Cremos que a educa\u00e7\u00e3o \u00e9 o principal investimento para constru\u00e7\u00e3o de um futuro melhor<\/strong><\/p>\n<p>Os cursos Instituto Educacional Wilmar de Araujo Mendes s\u00e3o profissionalizantes, de acordo com a lei 9.394 de diretrizes e base da educa\u00e7\u00e3o nacional, com educa\u00e7\u00e3o profissional de n\u00edvel b\u00e1sica, caracterizam-se pela modalidade de educa\u00e7\u00e3o n\u00e3o-formal de dura\u00e7\u00e3o, curta e vari\u00e1vel destinado a proporcionar ao trabalhador conhecimentos que lhe permitam profissionalizar-se, qualificar-se e atualizar-se para o trabalho, n\u00e3o havendo necessidade de escolaridade anterior, porem em virtude de exig\u00eancia do estatuto social e do regimento interno de nossa institui\u00e7\u00e3o, e o motivo que nos leva exigir escolaridade at\u00e9 porque trabalhamos com profissionais da sa\u00fade.<\/p>\n<p>A constitui\u00e7\u00e3o federal em seu art. 205 prev\u00ea que a educa\u00e7\u00e3o \u00e9 direito de todos, e ser\u00e1 incentivada pela sociedade. Desta forma o Instituto Educacional Wilmar de Araujo Mendes age conforme permissivo legal, isto \u00e9, com o objetivo de incentiva a educa\u00e7\u00e3o profissional como pr\u00e1tica defendida tamb\u00e9m pela art. 206 de nossa carta magna que prev\u00ea que o ensino ser\u00e1 ministrado com base em alguns princ\u00edpios e em inciso II que diz, a liberdade aprender, ensinar, pesquisar e divulgar pensamentos, a arte e o saber.<\/p>\n<p>Nossos cursos s\u00e3o livres profissionalizantes os mesmos est\u00e3o amparados, pelo decreto presidencial de n\u00famero 5, 154 de 23 de julho de 2004 e as normas da resolu\u00e7\u00e3o de CNE de numero 04 (de acordo art. 7 \u00a7 3\u00ba\u00ad) de 07 de outubro de 1999.<\/p>\n<p>Os nossos cursos s\u00e3o da \u00e1rea de educa\u00e7\u00e3o em sa\u00fade e est\u00e3o dispon\u00edveis a todos servidores p\u00fablicos filiados e representados pelo Sintras-TO.<\/p>\n<p>Lembrando que os certificados emitidos por esta institui\u00e7\u00e3o t\u00eam validades legal para diversos fins, por\u00e9m n\u00e3o podem ser convalidados, validados ou cancelados por institui\u00e7\u00e3o de ensino e nem fiscalizadas pelo MEC\/ CAPES bem como pelo CEE-TO.<\/p>\n<p>As pessoas que fazem estes cursos ou seja cursos livres, qualificam-se mais em suas profiss\u00f5es, superam as concorr\u00eancias e geralmente s\u00e3o promovidas pelas suas empresas, e os que est\u00e3o desempregados, conseguem rapidamente um novo emprego.<\/p>\n<p>Embora os cursos sejam livres, isentos de fiscaliza\u00e7\u00e3o e reconhecimento pelo MEC, o Instituto Educacional Wilmar de Araujo Mendes n\u00e3o despensa os crit\u00e9rios acad\u00eamicos e did\u00e1ticos-pedag\u00f3gicos exigidos a qualquer outra modalidade de cursos sejam eles livres ou n\u00e3o, presenciais ou a distancia.<\/p>\n<p>Com esses procedimentos, o Instituto Educacional Wilmar de Araujo Mendes aumenta a seguran\u00e7a da autenticidade e de seus certificados emitidos pelo mesmo e consequentemente tamb\u00e9m aumenta a credibilidade junto ao mercado de trabalho e \u00f3rg\u00e3os a qual este for apresentado.<\/p>\n","protected":false},"excerpt":{"rendered":"<p>Instituto Educacional Wilmar de Ara\u00fajo Mendes \u2013 INEWAM Secretaria de Forma\u00e7\u00e3o Profissional e Sindical \u2013 SEFORPS inewam@gmail.com MISS\u00c3O Proporcionar o desenvolvimento harmonioso dos aspectos f\u00edsico, afetivo e cognitivo do aluno e respeitando seu tempo e suas possibilidades de construir conhecimento, em um ambiente acolhedor, l\u00fadico e prazeroso. VIS\u00c3O Capacitar \/ qualificar indiv\u00edduos com maturidade impression\u00e1veis, [&hellip;]<\/p>\n","protected":false},"author":1,"featured_media":0,"parent":0,"menu_order":0,"comment_status":"closed","ping_status":"open","template":"","meta":[],"_links":{"self":[{"href":"https:\/\/inewam.org\/ead\/wp-json\/wp\/v2\/pages\/2"}],"collection":[{"href":"https:\/\/inewam.org\/ead\/wp-json\/wp\/v2\/pages"}],"about":[{"href":"https:\/\/inewam.org\/ead\/wp-json\/wp\/v2\/types\/page"}],"author":[{"embeddable":true,"href":"https:\/\/inewam.org\/ead\/wp-json\/wp\/v2\/users\/1"}],"replies":[{"embeddable":true,"href":"https:\/\/inewam.org\/ead\/wp-json\/wp\/v2\/comments?post=2"}],"version-history":[{"count":4,"href":"https:\/\/inewam.org\/ead\/wp-json\/wp\/v2\/pages\/2\/revisions"}],"predecessor-version":[{"id":18,"href":"https:\/\/inewam.org\/ead\/wp-json\/wp\/v2\/pages\/2\/revisions\/18"}],"wp:attachment":[{"href":"https:\/\/inewam.org\/ead\/wp-json\/wp\/v2\/media?parent=2"}],"curies":[{"name":"wp","href":"https:\/\/api.w.org\/{rel}","templated":true}]}}