{"id":58,"date":"2017-03-18T16:02:15","date_gmt":"2017-03-18T19:02:15","guid":{"rendered":"http:\/\/inewam.org\/ead\/?page_id=58"},"modified":"2017-03-31T22:13:01","modified_gmt":"2017-04-01T01:13:01","slug":"novos-cursos","status":"publish","type":"page","link":"https:\/\/inewam.org\/ead\/novos-cursos\/","title":{"rendered":""},"content":{"rendered":"<div class=\"woo-sc-divider flat\"><\/div>\n<h2><strong>Administrativo<\/strong><\/h2>\n<div class=\"woocommerce columns-4\">\n\t\t\t\n\t\t\t<ul class=\"products\">\n\n\t\t\t\t\n\t\t\t\t\t<li class=\"post-7464 product type-product status-publish has-post-thumbnail product_cat-administrativo post first instock virtual shipping-taxable purchasable product-type-simple\">\n\t<a href=\"https:\/\/inewam.org\/ead\/produto\/capacitacao-profissional-de-gerenciamento-em-servico-de-saude\/\" class=\"woocommerce-LoopProduct-link\"><div class=\"img-wrap\"><img width=\"300\" height=\"148\" src=\"https:\/\/inewam.org\/ead\/wp-content\/uploads\/2018\/05\/images-300x148.jpg\" class=\"attachment-shop_catalog size-shop_catalog wp-post-image\" alt=\"images\" decoding=\"async\" loading=\"lazy\" title=\"images\" \/>\n\t<span class=\"price\"><span class=\"woocommerce-Price-amount amount\"><span class=\"woocommerce-Price-currencySymbol\">&#82;&#36;<\/span>150.00<\/span><\/span>\n<span class=\"details-link\"><\/span><\/div> <!--\/.wrap--><h3>Capacita\u00e7\u00e3o Profissional de Gerenciamento em  Servi\u00e7o de Sa\u00fade<\/h3><div class=\"categories\"><a href=\"https:\/\/inewam.org\/ead\/categoria-produto\/administrativo\/\" rel=\"tag\">Administrativo<\/a><\/div><\/a><a rel=\"nofollow\" href=\"\/ead\/wp-json\/wp\/v2\/pages\/58?add-to-cart=7464\" data-quantity=\"1\" data-product_id=\"7464\" data-product_sku=\"\" class=\"button product_type_simple add_to_cart_button ajax_add_to_cart\">Matricule-se<\/a><\/li>\n\n\t\t\t\t\n\t\t\t\t\t<li class=\"post-7422 product type-product status-publish has-post-thumbnail product_cat-administrativo post  instock virtual shipping-taxable purchasable product-type-simple\">\n\t<a href=\"https:\/\/inewam.org\/ead\/produto\/curso-de-capacitacao-profissional-em-gestao-hospitalar\/\" class=\"woocommerce-LoopProduct-link\"><div class=\"img-wrap\"><img width=\"300\" height=\"300\" src=\"https:\/\/inewam.org\/ead\/wp-content\/uploads\/2018\/05\/gestao-hospital-300x300.jpg\" class=\"attachment-shop_catalog size-shop_catalog wp-post-image\" alt=\"gestao-hospital\" decoding=\"async\" loading=\"lazy\" title=\"gestao-hospital\" srcset=\"https:\/\/inewam.org\/ead\/wp-content\/uploads\/2018\/05\/gestao-hospital-300x300.jpg 300w, https:\/\/inewam.org\/ead\/wp-content\/uploads\/2018\/05\/gestao-hospital-150x150.jpg 150w, https:\/\/inewam.org\/ead\/wp-content\/uploads\/2018\/05\/gestao-hospital-180x180.jpg 180w\" sizes=\"(max-width: 300px) 100vw, 300px\" \/>\n\t<span class=\"price\"><span class=\"woocommerce-Price-amount amount\"><span class=\"woocommerce-Price-currencySymbol\">&#82;&#36;<\/span>170.00<\/span><\/span>\n<span class=\"details-link\"><\/span><\/div> <!--\/.wrap--><h3>Curso de Capacita\u00e7\u00e3o  Profissional em Gest\u00e3o  Hospitalar<\/h3><div class=\"categories\"><a href=\"https:\/\/inewam.org\/ead\/categoria-produto\/administrativo\/\" rel=\"tag\">Administrativo<\/a><\/div><\/a><a rel=\"nofollow\" href=\"\/ead\/wp-json\/wp\/v2\/pages\/58?add-to-cart=7422\" data-quantity=\"1\" data-product_id=\"7422\" data-product_sku=\"\" class=\"button product_type_simple add_to_cart_button ajax_add_to_cart\">Matricule-se<\/a><\/li>\n\n\t\t\t\t\n\t\t\t\t\t<li class=\"post-51 product type-product status-publish has-post-thumbnail product_cat-administrativo post  instock sale virtual shipping-taxable purchasable product-type-simple\">\n\t<a href=\"https:\/\/inewam.org\/ead\/produto\/curso-de-capacitacao-de-assistente-administrativo\/\" class=\"woocommerce-LoopProduct-link\"><div class=\"img-wrap\">\n\t<span class=\"onsale\">Promo\u00e7\u00e3o!<\/span>\n<img width=\"200\" height=\"176\" src=\"https:\/\/inewam.org\/ead\/wp-content\/uploads\/2017\/03\/curso.jpg\" class=\"attachment-shop_catalog size-shop_catalog wp-post-image\" alt=\"curso\" decoding=\"async\" loading=\"lazy\" title=\"curso\" srcset=\"https:\/\/inewam.org\/ead\/wp-content\/uploads\/2017\/03\/curso.jpg 200w, https:\/\/inewam.org\/ead\/wp-content\/uploads\/2017\/03\/curso-100x88.jpg 100w, https:\/\/inewam.org\/ead\/wp-content\/uploads\/2017\/03\/curso-150x132.jpg 150w\" sizes=\"(max-width: 200px) 100vw, 200px\" \/>\n\t<span class=\"price\"><del><span class=\"woocommerce-Price-amount amount\"><span class=\"woocommerce-Price-currencySymbol\">&#82;&#36;<\/span>200.00<\/span><\/del> <ins><span class=\"woocommerce-Price-amount amount\"><span class=\"woocommerce-Price-currencySymbol\">&#82;&#36;<\/span>150.00<\/span><\/ins><\/span>\n<span class=\"details-link\"><\/span><\/div> <!--\/.wrap--><h3>Curso de Capacita\u00e7\u00e3o de Assistente Administrativo<\/h3><div class=\"categories\"><a href=\"https:\/\/inewam.org\/ead\/categoria-produto\/administrativo\/\" rel=\"tag\">Administrativo<\/a><\/div><\/a><a rel=\"nofollow\" href=\"\/ead\/wp-json\/wp\/v2\/pages\/58?add-to-cart=51\" data-quantity=\"1\" data-product_id=\"51\" data-product_sku=\"\" class=\"button product_type_simple add_to_cart_button ajax_add_to_cart\">Matricule-se<\/a><\/li>\n\n\t\t\t\t\n\t\t\t\t\t<li class=\"post-72 product type-product status-publish has-post-thumbnail product_cat-administrativo post last instock shipping-taxable purchasable product-type-simple\">\n\t<a href=\"https:\/\/inewam.org\/ead\/produto\/curso-de-capacitacao-de-auxiliar-administrativo\/\" class=\"woocommerce-LoopProduct-link\"><div class=\"img-wrap\"><img width=\"300\" height=\"243\" src=\"https:\/\/inewam.org\/ead\/wp-content\/uploads\/2017\/05\/auxiliar-administrativo-300x243.jpg\" class=\"attachment-shop_catalog size-shop_catalog wp-post-image\" alt=\"auxiliar-administrativo\" decoding=\"async\" loading=\"lazy\" title=\"auxiliar-administrativo\" \/>\n\t<span class=\"price\"><span class=\"woocommerce-Price-amount amount\"><span class=\"woocommerce-Price-currencySymbol\">&#82;&#36;<\/span>100.00<\/span><\/span>\n<span class=\"details-link\"><\/span><\/div> <!--\/.wrap--><h3>Curso de Capacita\u00e7\u00e3o de Auxiliar Administrativo<\/h3><div class=\"categories\"><a href=\"https:\/\/inewam.org\/ead\/categoria-produto\/administrativo\/\" rel=\"tag\">Administrativo<\/a><\/div><\/a><a rel=\"nofollow\" href=\"\/ead\/wp-json\/wp\/v2\/pages\/58?add-to-cart=72\" data-quantity=\"1\" data-product_id=\"72\" data-product_sku=\"\" class=\"button product_type_simple add_to_cart_button ajax_add_to_cart\">Matricule-se<\/a><\/li>\n\n\t\t\t\t\n\t\t\t\t\t<li class=\"post-71 product type-product status-publish has-post-thumbnail product_cat-administrativo post first instock virtual shipping-taxable purchasable product-type-simple\">\n\t<a href=\"https:\/\/inewam.org\/ead\/produto\/curso-de-capacitacao-de-auxiliar-de-servicos-gerais-e-limpeza\/\" class=\"woocommerce-LoopProduct-link\"><div class=\"img-wrap\"><img width=\"300\" height=\"300\" src=\"https:\/\/inewam.org\/ead\/wp-content\/uploads\/2017\/03\/Limpeza-300x300.jpg\" class=\"attachment-shop_catalog size-shop_catalog wp-post-image\" alt=\"Limpeza\" decoding=\"async\" loading=\"lazy\" title=\"Limpeza\" srcset=\"https:\/\/inewam.org\/ead\/wp-content\/uploads\/2017\/03\/Limpeza-300x300.jpg 300w, https:\/\/inewam.org\/ead\/wp-content\/uploads\/2017\/03\/Limpeza-150x150.jpg 150w, https:\/\/inewam.org\/ead\/wp-content\/uploads\/2017\/03\/Limpeza-180x180.jpg 180w\" sizes=\"(max-width: 300px) 100vw, 300px\" \/>\n\t<span class=\"price\"><span class=\"woocommerce-Price-amount amount\"><span class=\"woocommerce-Price-currencySymbol\">&#82;&#36;<\/span>100.00<\/span><\/span>\n<span class=\"details-link\"><\/span><\/div> <!--\/.wrap--><h3>Curso de Capacita\u00e7\u00e3o de Auxiliar de Servi\u00e7os Gerais e Limpeza<\/h3><div class=\"categories\"><a href=\"https:\/\/inewam.org\/ead\/categoria-produto\/administrativo\/\" rel=\"tag\">Administrativo<\/a><\/div><\/a><a rel=\"nofollow\" href=\"\/ead\/wp-json\/wp\/v2\/pages\/58?add-to-cart=71\" data-quantity=\"1\" data-product_id=\"71\" data-product_sku=\"\" class=\"button product_type_simple add_to_cart_button ajax_add_to_cart\">Matricule-se<\/a><\/li>\n\n\t\t\t\t\n\t\t\t\t\t<li class=\"post-77 product type-product status-publish has-post-thumbnail product_cat-administrativo post  instock sale virtual shipping-taxable purchasable product-type-simple\">\n\t<a href=\"https:\/\/inewam.org\/ead\/produto\/curso-de-capacitacao-em-excelencia-no-atendimento-ao-cidadao\/\" class=\"woocommerce-LoopProduct-link\"><div class=\"img-wrap\">\n\t<span class=\"onsale\">Promo\u00e7\u00e3o!<\/span>\n<img width=\"280\" height=\"280\" src=\"https:\/\/inewam.org\/ead\/wp-content\/uploads\/2017\/05\/atendimento_ao_cidadao.jpg\" class=\"attachment-shop_catalog size-shop_catalog wp-post-image\" alt=\"atendimento_ao_cidadao\" decoding=\"async\" loading=\"lazy\" title=\"atendimento_ao_cidadao\" srcset=\"https:\/\/inewam.org\/ead\/wp-content\/uploads\/2017\/05\/atendimento_ao_cidadao.jpg 280w, https:\/\/inewam.org\/ead\/wp-content\/uploads\/2017\/05\/atendimento_ao_cidadao-150x150.jpg 150w, https:\/\/inewam.org\/ead\/wp-content\/uploads\/2017\/05\/atendimento_ao_cidadao-100x100.jpg 100w, https:\/\/inewam.org\/ead\/wp-content\/uploads\/2017\/05\/atendimento_ao_cidadao-180x180.jpg 180w\" sizes=\"(max-width: 280px) 100vw, 280px\" \/>\n\t<span class=\"price\"><del><span class=\"woocommerce-Price-amount amount\"><span class=\"woocommerce-Price-currencySymbol\">&#82;&#36;<\/span>250.00<\/span><\/del> <ins><span class=\"woocommerce-Price-amount amount\"><span class=\"woocommerce-Price-currencySymbol\">&#82;&#36;<\/span>119.99<\/span><\/ins><\/span>\n<span class=\"details-link\"><\/span><\/div> <!--\/.wrap--><h3>Curso de Capacita\u00e7\u00e3o em Excel\u00eancia no Atendimento ao Cidad\u00e3o<\/h3><div class=\"categories\"><a href=\"https:\/\/inewam.org\/ead\/categoria-produto\/administrativo\/\" rel=\"tag\">Administrativo<\/a><\/div><\/a><a rel=\"nofollow\" href=\"\/ead\/wp-json\/wp\/v2\/pages\/58?add-to-cart=77\" data-quantity=\"1\" data-product_id=\"77\" data-product_sku=\"\" class=\"button product_type_simple add_to_cart_button ajax_add_to_cart\">Matricule-se<\/a><\/li>\n\n\t\t\t\t\n\t\t\t\t\t<li class=\"post-76 product type-product status-publish has-post-thumbnail product_cat-administrativo post  instock sale virtual shipping-taxable purchasable product-type-simple\">\n\t<a href=\"https:\/\/inewam.org\/ead\/produto\/curso-de-capacitacao-para-motorista\/\" class=\"woocommerce-LoopProduct-link\"><div class=\"img-wrap\">\n\t<span class=\"onsale\">Promo\u00e7\u00e3o!<\/span>\n<img width=\"177\" height=\"182\" src=\"https:\/\/inewam.org\/ead\/wp-content\/uploads\/2017\/03\/curso-motorista-\u00f4nibus-caminh\u00e3o-site.jpg\" class=\"attachment-shop_catalog size-shop_catalog wp-post-image\" alt=\"curso-motorista-\u00f4nibus-caminh\u00e3o-site\" decoding=\"async\" loading=\"lazy\" title=\"curso-motorista-\u00f4nibus-caminh\u00e3o-site\" srcset=\"https:\/\/inewam.org\/ead\/wp-content\/uploads\/2017\/03\/curso-motorista-\u00f4nibus-caminh\u00e3o-site.jpg 177w, https:\/\/inewam.org\/ead\/wp-content\/uploads\/2017\/03\/curso-motorista-\u00f4nibus-caminh\u00e3o-site-97x100.jpg 97w, https:\/\/inewam.org\/ead\/wp-content\/uploads\/2017\/03\/curso-motorista-\u00f4nibus-caminh\u00e3o-site-150x154.jpg 150w\" sizes=\"(max-width: 177px) 100vw, 177px\" \/>\n\t<span class=\"price\"><del><span class=\"woocommerce-Price-amount amount\"><span class=\"woocommerce-Price-currencySymbol\">&#82;&#36;<\/span>112.50<\/span><\/del> <ins><span class=\"woocommerce-Price-amount amount\"><span class=\"woocommerce-Price-currencySymbol\">&#82;&#36;<\/span>79.90<\/span><\/ins><\/span>\n<span class=\"details-link\"><\/span><\/div> <!--\/.wrap--><h3>Curso de Capacita\u00e7\u00e3o para Motorista<\/h3><div class=\"categories\"><a href=\"https:\/\/inewam.org\/ead\/categoria-produto\/administrativo\/\" rel=\"tag\">Administrativo<\/a><\/div><\/a><a rel=\"nofollow\" href=\"\/ead\/wp-json\/wp\/v2\/pages\/58?add-to-cart=76\" data-quantity=\"1\" data-product_id=\"76\" data-product_sku=\"\" class=\"button product_type_simple add_to_cart_button ajax_add_to_cart\">Matricule-se<\/a><\/li>\n\n\t\t\t\t\n\t\t\t\t\t<li class=\"post-8007 product type-product status-publish has-post-thumbnail product_cat-novos_cursos product_cat-administrativo post last instock sale virtual shipping-taxable purchasable product-type-simple\">\n\t<a href=\"https:\/\/inewam.org\/ead\/produto\/curso-de-capacitacao-profissional-de-chefia-e-lideranca\/\" class=\"woocommerce-LoopProduct-link\"><div class=\"img-wrap\">\n\t<span class=\"onsale\">Promo\u00e7\u00e3o!<\/span>\n<img width=\"300\" height=\"300\" src=\"https:\/\/inewam.org\/ead\/wp-content\/uploads\/2018\/09\/l\u00edder-300x300.png\" class=\"attachment-shop_catalog size-shop_catalog wp-post-image\" alt=\"l\u00edder\" decoding=\"async\" loading=\"lazy\" title=\"l\u00edder\" srcset=\"https:\/\/inewam.org\/ead\/wp-content\/uploads\/2018\/09\/l\u00edder-300x300.png 300w, https:\/\/inewam.org\/ead\/wp-content\/uploads\/2018\/09\/l\u00edder-150x150.png 150w, https:\/\/inewam.org\/ead\/wp-content\/uploads\/2018\/09\/l\u00edder-180x180.png 180w, https:\/\/inewam.org\/ead\/wp-content\/uploads\/2018\/09\/l\u00edder-600x600.png 600w\" sizes=\"(max-width: 300px) 100vw, 300px\" \/>\n\t<span class=\"price\"><del><span class=\"woocommerce-Price-amount amount\"><span class=\"woocommerce-Price-currencySymbol\">&#82;&#36;<\/span>200.00<\/span><\/del> <ins><span class=\"woocommerce-Price-amount amount\"><span class=\"woocommerce-Price-currencySymbol\">&#82;&#36;<\/span>99.99<\/span><\/ins><\/span>\n<span class=\"details-link\"><\/span><\/div> <!--\/.wrap--><h3>Curso de Capacita\u00e7\u00e3o Profissional de  Chefia e Lideran\u00e7a<\/h3><div class=\"categories\"><a href=\"https:\/\/inewam.org\/ead\/categoria-produto\/novos_cursos\/\" rel=\"tag\">Novos Cursos<\/a>, <a href=\"https:\/\/inewam.org\/ead\/categoria-produto\/administrativo\/\" rel=\"tag\">Administrativo<\/a><\/div><\/a><a rel=\"nofollow\" href=\"\/ead\/wp-json\/wp\/v2\/pages\/58?add-to-cart=8007\" data-quantity=\"1\" data-product_id=\"8007\" data-product_sku=\"\" class=\"button product_type_simple add_to_cart_button ajax_add_to_cart\">Matricule-se<\/a><\/li>\n\n\t\t\t\t\n\t\t\t\t\t<li class=\"post-7221 product type-product status-publish has-post-thumbnail product_cat-novos_cursos product_cat-administrativo post first instock sale virtual shipping-taxable purchasable product-type-simple\">\n\t<a href=\"https:\/\/inewam.org\/ead\/produto\/curso-de-capacitacao-profissional-de-relacoes-humanas-e-lideranca\/\" class=\"woocommerce-LoopProduct-link\"><div class=\"img-wrap\">\n\t<span class=\"onsale\">Promo\u00e7\u00e3o!<\/span>\n<img width=\"300\" height=\"282\" src=\"https:\/\/inewam.org\/ead\/wp-content\/uploads\/2018\/02\/111-300x282.jpg\" class=\"attachment-shop_catalog size-shop_catalog wp-post-image\" alt=\"111\" decoding=\"async\" loading=\"lazy\" title=\"111\" \/>\n\t<span class=\"price\"><del><span class=\"woocommerce-Price-amount amount\"><span class=\"woocommerce-Price-currencySymbol\">&#82;&#36;<\/span>325.00<\/span><\/del> <ins><span class=\"woocommerce-Price-amount amount\"><span class=\"woocommerce-Price-currencySymbol\">&#82;&#36;<\/span>169.90<\/span><\/ins><\/span>\n<span class=\"details-link\"><\/span><\/div> <!--\/.wrap--><h3>Curso de Capacita\u00e7\u00e3o Profissional de Rela\u00e7\u00f5es Humanas e Lideran\u00e7a<\/h3><div class=\"categories\"><a href=\"https:\/\/inewam.org\/ead\/categoria-produto\/novos_cursos\/\" rel=\"tag\">Novos Cursos<\/a>, <a href=\"https:\/\/inewam.org\/ead\/categoria-produto\/administrativo\/\" rel=\"tag\">Administrativo<\/a><\/div><\/a><a rel=\"nofollow\" href=\"\/ead\/wp-json\/wp\/v2\/pages\/58?add-to-cart=7221\" data-quantity=\"1\" data-product_id=\"7221\" data-product_sku=\"\" class=\"button product_type_simple add_to_cart_button ajax_add_to_cart\">Matricule-se<\/a><\/li>\n\n\t\t\t\t\n\t\t\t\t\t<li class=\"post-7895 product type-product status-publish has-post-thumbnail product_cat-novos_cursos product_cat-administrativo post  instock sale virtual shipping-taxable purchasable product-type-simple\">\n\t<a href=\"https:\/\/inewam.org\/ead\/produto\/curso-de-capacitacao-profissional-em-direcao-defensiva-e-nocoes-de-primeiros-socorros\/\" class=\"woocommerce-LoopProduct-link\"><div class=\"img-wrap\">\n\t<span class=\"onsale\">Promo\u00e7\u00e3o!<\/span>\n<img width=\"300\" height=\"300\" src=\"https:\/\/inewam.org\/ead\/wp-content\/uploads\/2018\/09\/dire\u00e7\u00e3o-defenciva-300x300.jpg\" class=\"attachment-shop_catalog size-shop_catalog wp-post-image\" alt=\"dire\u00e7\u00e3o defenciva\" decoding=\"async\" loading=\"lazy\" title=\"dire\u00e7\u00e3o defenciva\" srcset=\"https:\/\/inewam.org\/ead\/wp-content\/uploads\/2018\/09\/dire\u00e7\u00e3o-defenciva-300x300.jpg 300w, https:\/\/inewam.org\/ead\/wp-content\/uploads\/2018\/09\/dire\u00e7\u00e3o-defenciva-150x150.jpg 150w, https:\/\/inewam.org\/ead\/wp-content\/uploads\/2018\/09\/dire\u00e7\u00e3o-defenciva-180x180.jpg 180w\" sizes=\"(max-width: 300px) 100vw, 300px\" \/>\n\t<span class=\"price\"><del><span class=\"woocommerce-Price-amount amount\"><span class=\"woocommerce-Price-currencySymbol\">&#82;&#36;<\/span>112.50<\/span><\/del> <ins><span class=\"woocommerce-Price-amount amount\"><span class=\"woocommerce-Price-currencySymbol\">&#82;&#36;<\/span>79.90<\/span><\/ins><\/span>\n<span class=\"details-link\"><\/span><\/div> <!--\/.wrap--><h3>Curso de Capacita\u00e7\u00e3o Profissional em Dire\u00e7\u00e3o Defensiva e No\u00e7\u00f5es de Primeiros Socorros<\/h3><div class=\"categories\"><a href=\"https:\/\/inewam.org\/ead\/categoria-produto\/novos_cursos\/\" rel=\"tag\">Novos Cursos<\/a>, <a href=\"https:\/\/inewam.org\/ead\/categoria-produto\/administrativo\/\" rel=\"tag\">Administrativo<\/a><\/div><\/a><a rel=\"nofollow\" href=\"\/ead\/wp-json\/wp\/v2\/pages\/58?add-to-cart=7895\" data-quantity=\"1\" data-product_id=\"7895\" data-product_sku=\"\" class=\"button product_type_simple add_to_cart_button ajax_add_to_cart\">Matricule-se<\/a><\/li>\n\n\t\t\t\t\n\t\t\t\t\t<li class=\"post-7295 product type-product status-publish has-post-thumbnail product_cat-novos_cursos product_cat-administrativo post  instock sale virtual shipping-taxable purchasable product-type-simple\">\n\t<a href=\"https:\/\/inewam.org\/ead\/produto\/curso-de-capacitacao-profissional-em-gestao-de-recursos-humanos\/\" class=\"woocommerce-LoopProduct-link\"><div class=\"img-wrap\">\n\t<span class=\"onsale\">Promo\u00e7\u00e3o!<\/span>\n<img width=\"262\" height=\"220\" src=\"https:\/\/inewam.org\/ead\/wp-content\/uploads\/2018\/05\/886-1.png\" class=\"attachment-shop_catalog size-shop_catalog wp-post-image\" alt=\"886\" decoding=\"async\" loading=\"lazy\" title=\"886\" srcset=\"https:\/\/inewam.org\/ead\/wp-content\/uploads\/2018\/05\/886-1.png 262w, https:\/\/inewam.org\/ead\/wp-content\/uploads\/2018\/05\/886-1-100x84.png 100w, https:\/\/inewam.org\/ead\/wp-content\/uploads\/2018\/05\/886-1-150x126.png 150w\" sizes=\"(max-width: 262px) 100vw, 262px\" \/>\n\t<span class=\"price\"><del><span class=\"woocommerce-Price-amount amount\"><span class=\"woocommerce-Price-currencySymbol\">&#82;&#36;<\/span>200.00<\/span><\/del> <ins><span class=\"woocommerce-Price-amount amount\"><span class=\"woocommerce-Price-currencySymbol\">&#82;&#36;<\/span>99.99<\/span><\/ins><\/span>\n<span class=\"details-link\"><\/span><\/div> <!--\/.wrap--><h3>Curso de Capacita\u00e7\u00e3o Profissional em Gest\u00e3o de Recursos Humanos<\/h3><div class=\"categories\"><a href=\"https:\/\/inewam.org\/ead\/categoria-produto\/novos_cursos\/\" rel=\"tag\">Novos Cursos<\/a>, <a href=\"https:\/\/inewam.org\/ead\/categoria-produto\/administrativo\/\" rel=\"tag\">Administrativo<\/a><\/div><\/a><a rel=\"nofollow\" href=\"\/ead\/wp-json\/wp\/v2\/pages\/58?add-to-cart=7295\" data-quantity=\"1\" data-product_id=\"7295\" data-product_sku=\"\" class=\"button product_type_simple add_to_cart_button ajax_add_to_cart\">Matricule-se<\/a><\/li>\n\n\t\t\t\t\n\t\t\t<\/ul>\n\n\t\t\t\n\t\t\t<\/div>\n<h2><strong>Sa\u00fade\/Enfermagem<\/strong><\/h2>\n<div class=\"woocommerce columns-4\"><\/div>\n<h2><strong>Diretor e Representante Sindical<\/strong><\/h2>\n<div class=\"woocommerce columns-4\">\n\t\t\t\n\t\t\t<ul class=\"products\">\n\n\t\t\t\t\n\t\t\t\t\t<li class=\"post-73 product type-product status-publish has-post-thumbnail product_cat-diretor post first instock virtual shipping-taxable purchasable product-type-simple\">\n\t<a href=\"https:\/\/inewam.org\/ead\/produto\/curso-de-capacitacao-de-diretores-e-representante-sindical\/\" class=\"woocommerce-LoopProduct-link\"><div class=\"img-wrap\"><img width=\"264\" height=\"176\" src=\"https:\/\/inewam.org\/ead\/wp-content\/uploads\/2017\/03\/transferir.jpg\" class=\"attachment-shop_catalog size-shop_catalog wp-post-image\" alt=\"transferir\" decoding=\"async\" loading=\"lazy\" title=\"transferir\" srcset=\"https:\/\/inewam.org\/ead\/wp-content\/uploads\/2017\/03\/transferir.jpg 264w, https:\/\/inewam.org\/ead\/wp-content\/uploads\/2017\/03\/transferir-100x67.jpg 100w\" sizes=\"(max-width: 264px) 100vw, 264px\" \/>\n\t<span class=\"price\"><span class=\"woocommerce-Price-amount amount\"><span class=\"woocommerce-Price-currencySymbol\">&#82;&#36;<\/span>170.00<\/span><\/span>\n<span class=\"details-link\"><\/span><\/div> <!--\/.wrap--><h3>Curso de Capacita\u00e7\u00e3o de Diretores e Representante Sindical<\/h3><div class=\"categories\"><a href=\"https:\/\/inewam.org\/ead\/categoria-produto\/diretor\/\" rel=\"tag\">Diretor e Representante Sindical<\/a><\/div><\/a><a rel=\"nofollow\" href=\"\/ead\/wp-json\/wp\/v2\/pages\/58?add-to-cart=73\" data-quantity=\"1\" data-product_id=\"73\" data-product_sku=\"\" class=\"button product_type_simple add_to_cart_button ajax_add_to_cart\">Matricule-se<\/a><\/li>\n\n\t\t\t\t\n\t\t\t<\/ul>\n\n\t\t\t\n\t\t\t<\/div>\n<p>&nbsp;<\/p>\n","protected":false},"excerpt":{"rendered":"<p>Objetivo Geral Capacitar diretor e representante sindical do SINTRAS-TO para atuar de forma organizada no local de trabalho e na sociedade como um todo. O Curso est\u00e1 dividido em 5 M\u00f3dulos: M\u00d3DULO I\u00a0&#8211; 25 horas M\u00d3DULO II\u00a0&#8211; 20 horas M\u00d3DULO III\u00a0&#8211; 15 horas M\u00d3DULO IV\u00a0&#8211; 15 horas M\u00d3DULO V\u00a0&#8211; 25 horas Carga hor\u00e1ria total:\u00a0\u00a0100 horas.<\/p>\n","protected":false},"author":1,"featured_media":0,"parent":0,"menu_order":0,"comment_status":"closed","ping_status":"closed","template":"","meta":[],"_links":{"self":[{"href":"https:\/\/inewam.org\/ead\/wp-json\/wp\/v2\/pages\/58"}],"collection":[{"href":"https:\/\/inewam.org\/ead\/wp-json\/wp\/v2\/pages"}],"about":[{"href":"https:\/\/inewam.org\/ead\/wp-json\/wp\/v2\/types\/page"}],"author":[{"embeddable":true,"href":"https:\/\/inewam.org\/ead\/wp-json\/wp\/v2\/users\/1"}],"replies":[{"embeddable":true,"href":"https:\/\/inewam.org\/ead\/wp-json\/wp\/v2\/comments?post=58"}],"version-history":[{"count":12,"href":"https:\/\/inewam.org\/ead\/wp-json\/wp\/v2\/pages\/58\/revisions"}],"predecessor-version":[{"id":12632,"href":"https:\/\/inewam.org\/ead\/wp-json\/wp\/v2\/pages\/58\/revisions\/12632"}],"wp:attachment":[{"href":"https:\/\/inewam.org\/ead\/wp-json\/wp\/v2\/media?parent=58"}],"curies":[{"name":"wp","href":"https:\/\/api.w.org\/{rel}","templated":true}]}}